{"id":864,"date":"2023-08-31T21:12:58","date_gmt":"2023-08-31T19:12:58","guid":{"rendered":"https:\/\/mondent.ba\/?page_id=864"},"modified":"2025-11-12T10:33:15","modified_gmt":"2025-11-12T09:33:15","slug":"nasa-ekipa","status":"publish","type":"page","link":"https:\/\/mondent.ba\/sl\/nas-tim\/","title":{"rendered":"Na\u0161 Tim"},"content":{"rendered":"\t\t<div data-elementor-type=\"wp-page\" data-elementor-id=\"864\" class=\"elementor elementor-864\" data-elementor-post-type=\"page\">\n\t\t\t\t<div class=\"elementor-element elementor-element-9b2e5ea e-grid e-con-boxed e-con e-parent\" data-id=\"9b2e5ea\" data-element_type=\"container\" data-settings=\"{&quot;jet_parallax_layout_list&quot;:[]}\">\n\t\t\t\t\t<div class=\"e-con-inner\">\n\t\t<div class=\"elementor-element elementor-element-d55e1f0 e-con-full e-flex e-con e-child\" data-id=\"d55e1f0\" data-element_type=\"container\" data-settings=\"{&quot;jet_parallax_layout_list&quot;:[]}\">\n\t\t\t\t<div class=\"elementor-element elementor-element-848efd9 elementor-view-default elementor-widget elementor-widget-icon\" data-id=\"848efd9\" data-element_type=\"widget\" data-widget_type=\"icon.default\">\n\t\t\t\t<div class=\"elementor-widget-container\">\n\t\t\t\t\t<div class=\"elementor-icon-wrapper\">\n\t\t\t<div class=\"elementor-icon\">\n\t\t\t<i aria-hidden=\"true\" class=\"fas fa-users\"><\/i>\t\t\t<\/div>\n\t\t<\/div>\n\t\t\t\t<\/div>\n\t\t\t\t<\/div>\n\t\t\t\t<div class=\"elementor-element elementor-element-7e90865 elementor-widget elementor-widget-heading\" data-id=\"7e90865\" data-element_type=\"widget\" data-widget_type=\"heading.default\">\n\t\t\t\t<div class=\"elementor-widget-container\">\n\t\t\t<h1 class=\"elementor-heading-title elementor-size-default\">Na\u0161 tim<\/h1>\t\t<\/div>\n\t\t\t\t<\/div>\n\t\t\t\t<div class=\"elementor-element elementor-element-12fcb7d elementor-widget elementor-widget-text-editor\" data-id=\"12fcb7d\" data-element_type=\"widget\" data-widget_type=\"text-editor.default\">\n\t\t\t\t<div class=\"elementor-widget-container\">\n\t\t\t\t\t\t\t<p>U na\u0161oj modernoj stomatolo\u0161koj ordinaciji u Banja Luci do\u010deka\u0107e vas prijatno i iskusno osoblje. Upoznajte se sa na\u0161im sjajnim stomatolozima:<\/p>\t\t\t\t\t\t<\/div>\n\t\t\t\t<\/div>\n\t\t\t\t<\/div>\n\t\t<div class=\"elementor-element elementor-element-f79f033 e-con-full e-flex e-con e-child\" data-id=\"f79f033\" data-element_type=\"container\" data-settings=\"{&quot;jet_parallax_layout_list&quot;:[]}\">\n\t\t\t\t<div class=\"elementor-element elementor-element-67fdc90 elementor-flip-box--effect-fade elementor-widget-mobile__width-inherit elementor-widget elementor-widget-flip-box\" data-id=\"67fdc90\" data-element_type=\"widget\" data-settings=\"{&quot;motion_fx_motion_fx_scrolling&quot;:&quot;yes&quot;,&quot;motion_fx_devices&quot;:[&quot;desktop&quot;,&quot;laptop&quot;,&quot;tablet_extra&quot;,&quot;tablet&quot;,&quot;mobile&quot;]}\" data-widget_type=\"flip-box.default\">\n\t\t\t\t<div class=\"elementor-widget-container\">\n\t\t\t\t\t<div class=\"elementor-flip-box\" tabindex=\"0\">\n\t\t\t<div class=\"elementor-flip-box__layer elementor-flip-box__front\">\n\t\t\t\t<div class=\"elementor-flip-box__layer__overlay\">\n\t\t\t\t\t<div class=\"elementor-flip-box__layer__inner\">\n\t\t\t\t\t\t\n\t\t\t\t\t\t\t\t\t\t\t\t\t<h4 class=\"elementor-flip-box__layer__title\">\n\t\t\t\t\t\t\t\tMladen Popovi\u0107\t\t\t\t\t\t\t<\/h4>\n\t\t\t\t\t\t\n\t\t\t\t\t\t\t\t\t\t\t\t\t<div class=\"elementor-flip-box__layer__description\">\n\t\t\t\t\t\t\t\tDOKTOR STOMATOLOGIJE\t\t\t\t\t\t\t<\/div>\n\t\t\t\t\t\t\t\t\t\t\t<\/div>\n\t\t\t\t<\/div>\n\t\t\t<\/div>\n\t\t\t<div class=\"elementor-flip-box__layer elementor-flip-box__back\">\n\t\t\t<div class=\"elementor-flip-box__layer__overlay\">\n\t\t\t\t<div class=\"elementor-flip-box__layer__inner\">\n\t\t\t\t\t\n\t\t\t\t\t\n\t\t\t\t\t\t\t\t\t\t\t<a class=\"elementor-flip-box__button elementor-button elementor-size-sm\" href=\"https:\/\/mondent.ba\/nas-tim\/mladen-popovic\/\">\n\t\t\t\t\t\t\tPro\u010ditaj vi\u0161e\t\t\t\t\t\t<\/a>\n\t\t\t\t\t\t\t\t<\/div>\n\t\t<\/div>\n\t\t<\/div>\n\t\t<\/div>\n\t\t\t\t<\/div>\n\t\t\t\t<\/div>\n\t\t\t\t<\/div>\n\t\t<div class=\"elementor-element elementor-element-b30c364 e-con-full e-flex e-con e-child\" data-id=\"b30c364\" data-element_type=\"container\" data-settings=\"{&quot;jet_parallax_layout_list&quot;:[]}\">\n\t\t\t\t<div class=\"elementor-element elementor-element-5fa76d1 elementor-flip-box--effect-fade elementor-widget elementor-widget-flip-box\" data-id=\"5fa76d1\" data-element_type=\"widget\" data-widget_type=\"flip-box.default\">\n\t\t\t\t<div class=\"elementor-widget-container\">\n\t\t\t\t\t<div class=\"elementor-flip-box\" tabindex=\"0\">\n\t\t\t<div class=\"elementor-flip-box__layer elementor-flip-box__front\">\n\t\t\t\t<div class=\"elementor-flip-box__layer__overlay\">\n\t\t\t\t\t<div class=\"elementor-flip-box__layer__inner\">\n\t\t\t\t\t\t\n\t\t\t\t\t\t\t\t\t\t\t\t\t<h4 class=\"elementor-flip-box__layer__title\">\n\t\t\t\t\t\t\t\tAleksandar Milinkovi\u0107\t\t\t\t\t\t\t<\/h4>\n\t\t\t\t\t\t\n\t\t\t\t\t\t\t\t\t\t\t\t\t<div class=\"elementor-flip-box__layer__description\">\n\t\t\t\t\t\t\t\tDOKTOR STOMATOLOGIJE\t\t\t\t\t\t\t<\/div>\n\t\t\t\t\t\t\t\t\t\t\t<\/div>\n\t\t\t\t<\/div>\n\t\t\t<\/div>\n\t\t\t<div class=\"elementor-flip-box__layer elementor-flip-box__back\">\n\t\t\t<div class=\"elementor-flip-box__layer__overlay\">\n\t\t\t\t<div class=\"elementor-flip-box__layer__inner\">\n\t\t\t\t\t\n\t\t\t\t\t\t\t\t\t\t\t<div class=\"elementor-flip-box__layer__description\">\n\t\t\t\t\t\t\tAleksandar Milinkovi\u0107, doktor stomatologije ro\u0111en je 27.04.1985. godine u Trebinju. Srednju \u0161kolu zavr\u0161ava u Srednjo\u0161kolskom centru \u201cPero Slijep\u010devi\u0107\u201d u Gacku, nakon \u010dega odlazi na Medicinski fakultet u Fo\u010di. 2015. godine sti\u010de diplomu i dobija zvanje doktora stomatologije.\t\t\t\t\t\t<\/div>\n\t\t\t\t\t\n\t\t\t\t\t\t\t\t<\/div>\n\t\t<\/div>\n\t\t<\/div>\n\t\t<\/div>\n\t\t\t\t<\/div>\n\t\t\t\t<\/div>\n\t\t\t\t<\/div>\n\t\t<div class=\"elementor-element elementor-element-dbc1486 e-con-full e-flex e-con e-child\" data-id=\"dbc1486\" data-element_type=\"container\" data-settings=\"{&quot;jet_parallax_layout_list&quot;:[]}\">\n\t\t\t\t<div class=\"elementor-element elementor-element-b5c38c6 elementor-flip-box--effect-fade elementor-widget elementor-widget-flip-box\" data-id=\"b5c38c6\" data-element_type=\"widget\" data-widget_type=\"flip-box.default\">\n\t\t\t\t<div class=\"elementor-widget-container\">\n\t\t\t\t\t<div class=\"elementor-flip-box\" tabindex=\"0\">\n\t\t\t<div class=\"elementor-flip-box__layer elementor-flip-box__front\">\n\t\t\t\t<div class=\"elementor-flip-box__layer__overlay\">\n\t\t\t\t\t<div class=\"elementor-flip-box__layer__inner\">\n\t\t\t\t\t\t\n\t\t\t\t\t\t\t\t\t\t\t\t\t<h4 class=\"elementor-flip-box__layer__title\">\n\t\t\t\t\t\t\t\tOgnjen Ante\u0161evi\u0107\t\t\t\t\t\t\t<\/h4>\n\t\t\t\t\t\t\n\t\t\t\t\t\t\t\t\t\t\t\t\t<div class=\"elementor-flip-box__layer__description\">\n\t\t\t\t\t\t\t\tspecijalista ortopedije vilica\t\t\t\t\t\t\t<\/div>\n\t\t\t\t\t\t\t\t\t\t\t<\/div>\n\t\t\t\t<\/div>\n\t\t\t<\/div>\n\t\t\t<div class=\"elementor-flip-box__layer elementor-flip-box__back\">\n\t\t\t<div class=\"elementor-flip-box__layer__overlay\">\n\t\t\t\t<div class=\"elementor-flip-box__layer__inner\">\n\t\t\t\t\t\n\t\t\t\t\t\t\t\t\t\t\t<div class=\"elementor-flip-box__layer__description\">\n\t\t\t\t\t\t\tMedicinski fakultet-odsjek stomatologija zavr\u0161io u Banjoj Luci kao i specijalizaciju iz Ortopedije vilica.Ve\u0107i dio specijalizantskog sta\u017ea obavljao na VMA u Beogradu.\nPolaznik vi\u0161e doma\u0107ih i inostranih edukacija i stru\u010dnih usavr\u0161avanja.\nZadu\u017een za ortodonciju u na\u0161em stomatolo\u0161kom centru.\t\t\t\t\t\t<\/div>\n\t\t\t\t\t\n\t\t\t\t\t\t\t\t<\/div>\n\t\t<\/div>\n\t\t<\/div>\n\t\t<\/div>\n\t\t\t\t<\/div>\n\t\t\t\t<\/div>\n\t\t\t\t<\/div>\n\t\t<div class=\"elementor-element elementor-element-3b2584a e-con-full e-flex e-con e-child\" data-id=\"3b2584a\" data-element_type=\"container\" data-settings=\"{&quot;background_background&quot;:&quot;classic&quot;,&quot;jet_parallax_layout_list&quot;:[]}\">\n\t\t<div class=\"elementor-element elementor-element-c9d3ce8 e-con-full e-flex e-con e-child\" data-id=\"c9d3ce8\" data-element_type=\"container\" data-settings=\"{&quot;jet_parallax_layout_list&quot;:[]}\">\n\t\t\t\t<div class=\"elementor-element elementor-element-5d0de75 elementor-widget elementor-widget-heading\" data-id=\"5d0de75\" data-element_type=\"widget\" data-widget_type=\"heading.default\">\n\t\t\t\t<div class=\"elementor-widget-container\">\n\t\t\t<h3 class=\"elementor-heading-title elementor-size-default\">Jelena Popovi\u0107<\/h3>\t\t<\/div>\n\t\t\t\t<\/div>\n\t\t\t\t<div class=\"elementor-element elementor-element-8c09203 elementor-widget elementor-widget-text-editor\" data-id=\"8c09203\" data-element_type=\"widget\" data-widget_type=\"text-editor.default\">\n\t\t\t\t<div class=\"elementor-widget-container\">\n\t\t\t\t\t\t\t<p>DOKTOR STOMATOLOGIJE<\/p>\t\t\t\t\t\t<\/div>\n\t\t\t\t<\/div>\n\t\t\t\t<\/div>\n\t\t\t\t<\/div>\n\t\t<div class=\"elementor-element elementor-element-0177efa e-con-full e-flex e-con e-child\" data-id=\"0177efa\" data-element_type=\"container\" data-settings=\"{&quot;background_background&quot;:&quot;classic&quot;,&quot;jet_parallax_layout_list&quot;:[]}\">\n\t\t<div class=\"elementor-element elementor-element-d1a07cb e-con-full e-flex e-con e-child\" data-id=\"d1a07cb\" data-element_type=\"container\" data-settings=\"{&quot;jet_parallax_layout_list&quot;:[]}\">\n\t\t\t\t<div class=\"elementor-element elementor-element-9df2d09 elementor-widget elementor-widget-heading\" data-id=\"9df2d09\" data-element_type=\"widget\" data-widget_type=\"heading.default\">\n\t\t\t\t<div class=\"elementor-widget-container\">\n\t\t\t<h3 class=\"elementor-heading-title elementor-size-default\">Milica Miji\u0107\u200b<\/h3>\t\t<\/div>\n\t\t\t\t<\/div>\n\t\t\t\t<div class=\"elementor-element elementor-element-cf66c50 elementor-widget elementor-widget-text-editor\" data-id=\"cf66c50\" data-element_type=\"widget\" data-widget_type=\"text-editor.default\">\n\t\t\t\t<div class=\"elementor-widget-container\">\n\t\t\t\t\t\t\t<p>STOMATOLO\u0160KA SESTRA \u2013 ASISTENT<\/p>\t\t\t\t\t\t<\/div>\n\t\t\t\t<\/div>\n\t\t\t\t<\/div>\n\t\t\t\t<\/div>\n\t\t<div class=\"elementor-element elementor-element-b73079c e-con-full e-flex e-con e-child\" data-id=\"b73079c\" data-element_type=\"container\" data-settings=\"{&quot;background_background&quot;:&quot;classic&quot;,&quot;jet_parallax_layout_list&quot;:[]}\">\n\t\t<div class=\"elementor-element elementor-element-f63c771 e-con-full e-flex e-con e-child\" data-id=\"f63c771\" data-element_type=\"container\" data-settings=\"{&quot;jet_parallax_layout_list&quot;:[]}\">\n\t\t\t\t<div class=\"elementor-element elementor-element-fa80097 elementor-widget elementor-widget-heading\" data-id=\"fa80097\" data-element_type=\"widget\" data-widget_type=\"heading.default\">\n\t\t\t\t<div class=\"elementor-widget-container\">\n\t\t\t<h3 class=\"elementor-heading-title elementor-size-default\">Helena An\u0111eli\u0107<\/h3>\t\t<\/div>\n\t\t\t\t<\/div>\n\t\t\t\t<div class=\"elementor-element elementor-element-9263ab3 elementor-widget elementor-widget-text-editor\" data-id=\"9263ab3\" data-element_type=\"widget\" data-widget_type=\"text-editor.default\">\n\t\t\t\t<div class=\"elementor-widget-container\">\n\t\t\t\t\t\t\t<p>STOMATOLO\u0160KA SESTRA \u2013 ASISTENT<\/p>\t\t\t\t\t\t<\/div>\n\t\t\t\t<\/div>\n\t\t\t\t<\/div>\n\t\t\t\t<\/div>\n\t\t<div class=\"elementor-element elementor-element-3cba50a e-con-full e-flex e-con e-child\" data-id=\"3cba50a\" data-element_type=\"container\" data-settings=\"{&quot;background_background&quot;:&quot;classic&quot;,&quot;jet_parallax_layout_list&quot;:[]}\">\n\t\t<div class=\"elementor-element elementor-element-c1648ed e-con-full e-flex e-con e-child\" data-id=\"c1648ed\" data-element_type=\"container\" data-settings=\"{&quot;jet_parallax_layout_list&quot;:[]}\">\n\t\t\t\t<div class=\"elementor-element elementor-element-133a3fd elementor-widget elementor-widget-heading\" data-id=\"133a3fd\" data-element_type=\"widget\" data-widget_type=\"heading.default\">\n\t\t\t\t<div class=\"elementor-widget-container\">\n\t\t\t<h3 class=\"elementor-heading-title elementor-size-default\">Tanja Dobra\u0161<\/h3>\t\t<\/div>\n\t\t\t\t<\/div>\n\t\t\t\t<div class=\"elementor-element elementor-element-b77528c elementor-widget elementor-widget-text-editor\" data-id=\"b77528c\" data-element_type=\"widget\" data-widget_type=\"text-editor.default\">\n\t\t\t\t<div class=\"elementor-widget-container\">\n\t\t\t\t\t\t\t<p>STOMATOLO\u0160KA SESTRA \u2013 ASISTENT<\/p>\t\t\t\t\t\t<\/div>\n\t\t\t\t<\/div>\n\t\t\t\t<\/div>\n\t\t\t\t<\/div>\n\t\t\t\t\t<\/div>\n\t\t\t\t<\/div>\n\t\t<div class=\"elementor-element elementor-element-f296108 e-flex e-con-boxed e-con e-parent\" data-id=\"f296108\" data-element_type=\"container\" data-settings=\"{&quot;jet_parallax_layout_list&quot;:[]}\">\n\t\t\t\t\t<div class=\"e-con-inner\">\n\t\t\t\t<div class=\"elementor-element elementor-element-8d35198 elementor-widget elementor-widget-text-editor\" data-id=\"8d35198\" data-element_type=\"widget\" data-widget_type=\"text-editor.default\">\n\t\t\t\t<div class=\"elementor-widget-container\">\n\t\t\t\t\t\t\t<p>U MonDent-u vjerujemo da vrhunska stomatolo\u0161ka njega nastaje kao rezultat zajedni\u010dkog rada i stru\u010dnosti na\u0161eg iskusnog tima stomatologa. Svaki stomatolog u na\u0161em timu posve\u0107en je individualnom pristupu, pa\u017eljivo slu\u0161a potrebe pacijenata i pru\u017ea tretmane koji vra\u0107aju zdravlje, funkcionalnost i ljepotu osmijeha.<\/p>\t\t\t\t\t\t<\/div>\n\t\t\t\t<\/div>\n\t\t\t\t<div class=\"elementor-element elementor-element-dda96d8 elementor-widget elementor-widget-text-editor\" data-id=\"dda96d8\" data-element_type=\"widget\" data-widget_type=\"text-editor.default\">\n\t\t\t\t<div class=\"elementor-widget-container\">\n\t\t\t\t\t\t\t<p>Spremni ste da se uvjerite u stru\u010dnost i predanost na\u0161eg tima stomatologa? Zaka\u017eite pregled ve\u0107 danas i dopustite da na\u0161i stomatolozi vrate va\u0161em osmijehu zdravlje i ljepotu.<\/p>\t\t\t\t\t\t<\/div>\n\t\t\t\t<\/div>\n\t\t\t\t<div class=\"elementor-element elementor-element-d51ff08 wirsind2 elementor-align-center elementor-invisible elementor-widget elementor-widget-button\" data-id=\"d51ff08\" data-element_type=\"widget\" data-settings=\"{&quot;_animation&quot;:&quot;fadeInLeft&quot;,&quot;_animation_delay&quot;:600}\" data-widget_type=\"button.default\">\n\t\t\t\t<div class=\"elementor-widget-container\">\n\t\t\t\t\t<div class=\"elementor-button-wrapper\">\n\t\t\t<a class=\"elementor-button elementor-button-link elementor-size-sm elementor-animation-float\" href=\"https:\/\/mondent.ba\/zakazite-termin\/\" target=\"_blank\">\n\t\t\t\t\t\t<span class=\"elementor-button-content-wrapper\">\n\t\t\t\t\t\t\t\t\t<span class=\"elementor-button-text\">Zaka\u017eite termin<\/span>\n\t\t\t\t\t<\/span>\n\t\t\t\t\t<\/a>\n\t\t<\/div>\n\t\t\t\t<\/div>\n\t\t\t\t<\/div>\n\t\t\t\t\t<\/div>\n\t\t\t\t<\/div>\n\t\t\t\t<section class=\"elementor-section elementor-top-section elementor-element elementor-element-f6f2770 elementor-section-boxed elementor-section-height-default elementor-section-height-default\" data-id=\"f6f2770\" data-element_type=\"section\" data-settings=\"{&quot;jet_parallax_layout_list&quot;:[],&quot;background_background&quot;:&quot;classic&quot;}\">\n\t\t\t\t\t\t<div class=\"elementor-container elementor-column-gap-default\">\n\t\t\t\t\t<div class=\"elementor-column elementor-col-100 elementor-top-column elementor-element elementor-element-4a59d20\" data-id=\"4a59d20\" data-element_type=\"column\">\n\t\t\t<div class=\"elementor-widget-wrap elementor-element-populated\">\n\t\t\t\t\t\t<section class=\"elementor-section elementor-inner-section elementor-element elementor-element-c899380 elementor-section-boxed elementor-section-height-default elementor-section-height-default\" data-id=\"c899380\" data-element_type=\"section\" data-settings=\"{&quot;jet_parallax_layout_list&quot;:[]}\">\n\t\t\t\t\t\t<div class=\"elementor-container elementor-column-gap-default\">\n\t\t\t\t\t<div class=\"elementor-column elementor-col-50 elementor-inner-column elementor-element elementor-element-7d70fad\" data-id=\"7d70fad\" data-element_type=\"column\">\n\t\t\t<div class=\"elementor-widget-wrap elementor-element-populated\">\n\t\t\t\t\t\t<div class=\"elementor-element elementor-element-af98d37 elementor-widget__width-auto elementor-view-default elementor-widget elementor-widget-icon\" data-id=\"af98d37\" data-element_type=\"widget\" data-widget_type=\"icon.default\">\n\t\t\t\t<div class=\"elementor-widget-container\">\n\t\t\t\t\t<div class=\"elementor-icon-wrapper\">\n\t\t\t<div class=\"elementor-icon\">\n\t\t\t<i aria-hidden=\"true\" class=\"fas fa-circle\"><\/i>\t\t\t<\/div>\n\t\t<\/div>\n\t\t\t\t<\/div>\n\t\t\t\t<\/div>\n\t\t\t\t<div class=\"elementor-element elementor-element-4ab45be elementor-widget__width-auto elementor-widget-divider--view-line elementor-widget elementor-widget-divider\" data-id=\"4ab45be\" data-element_type=\"widget\" data-widget_type=\"divider.default\">\n\t\t\t\t<div class=\"elementor-widget-container\">\n\t\t\t\t\t<div class=\"elementor-divider\">\n\t\t\t<span class=\"elementor-divider-separator\">\n\t\t\t\t\t\t<\/span>\n\t\t<\/div>\n\t\t\t\t<\/div>\n\t\t\t\t<\/div>\n\t\t\t\t<div class=\"elementor-element elementor-element-df05298 elementor-widget__width-auto elementor-widget elementor-widget-heading\" data-id=\"df05298\" data-element_type=\"widget\" data-widget_type=\"heading.default\">\n\t\t\t\t<div class=\"elementor-widget-container\">\n\t\t\t<h2 class=\"elementor-heading-title elementor-size-default\">Kontakt<\/h2>\t\t<\/div>\n\t\t\t\t<\/div>\n\t\t\t\t\t<\/div>\n\t\t<\/div>\n\t\t\t\t<div class=\"elementor-column elementor-col-50 elementor-inner-column elementor-element elementor-element-5052f82 ordercontact\" data-id=\"5052f82\" data-element_type=\"column\">\n\t\t\t<div class=\"elementor-widget-wrap elementor-element-populated\">\n\t\t\t\t\t\t<div class=\"elementor-element elementor-element-ac7a54d elementor-widget elementor-widget-heading\" data-id=\"ac7a54d\" data-element_type=\"widget\" data-widget_type=\"heading.default\">\n\t\t\t\t<div class=\"elementor-widget-container\">\n\t\t\t<h2 class=\"elementor-heading-title elementor-size-default\">Zaka\u017ei termin<\/h2>\t\t<\/div>\n\t\t\t\t<\/div>\n\t\t\t\t\t<\/div>\n\t\t<\/div>\n\t\t\t\t\t<\/div>\n\t\t<\/section>\n\t\t\t\t<div class=\"elementor-element elementor-element-85c57f5 elementor-widget elementor-widget-shortcode\" data-id=\"85c57f5\" data-element_type=\"widget\" data-widget_type=\"shortcode.default\">\n\t\t\t\t<div class=\"elementor-widget-container\">\n\t\t\t\t\t<div class=\"elementor-shortcode\"><div class=\"tabs termin\" id=\"tabs-2\">\n\n\n  <div class=\"tabs__content\">\n\n\n    <div class=\"tabs__pane tabs__pane_show\">\n      <div class=\"tabs__content-columns\">\n        <div class=\"tabs__content-column\">\n          <span class=\"tabs__content-subtite\">Adresa:<\/span>\n          <h5 class=\"tabs__content-tite\">Milana Radmana 47, 78000 Banjaluka<br> Bosna i Hercegovina<\/h5>\n\n          <div class=\"columns-2\">\n            <div class=\"columns-2__column\">\n              <p><strong>Telefon:<\/strong><\/p>\n              <p><a href=\"tel:+387 51 240 677\">+ 387 51 240 677<\/a><\/p>\n\t\t\t  <p><strong>Mobilni:<\/strong><\/p>\n              <p><a href=\"tel:+387 66 153 582\">+ 387 66 153 582<\/a><\/p>\n\t\t\t   <a href=\"viber:\/\/contact?number=%2B38766153582\"><i aria-hidden=\"true\" class=\"fab fa-viber custom-viber-icon\"><\/i><\/a>\n\t\t\t  <a href=\"https:\/\/wa.me\/38766153582\" target=\"_blank\" rel=\"noopener\"><i aria-hidden=\"true\" class=\"fab fa-whatsapp custom-wa-icon\"><\/i><\/a>\n              <p><strong>E-Mail:<\/strong><\/p>\n              <p><a href=\"mailto:info@mondent.ba\">info@mondent.ba<\/a><\/p>\n            <\/div>\n            <div class=\"columns-2__column\">\n              <p><strong>Radno vrijeme:<\/strong><\/p>\n              <ul>\n\t\t\t\t <li>Pon-Uto 9:00 - 18:00<\/li>\n\t\t\t\t<li>Sri 8:00 - 16:00<\/li>\n\t\t\t\t<li>\u010cet 8:00 - 17:00<\/li>\n\t\t\t\t<li>Pet 8:00 - 13:00<\/li>\n\n              <\/ul>\n            <\/div>\n          <\/div>\n\n          <a href=\"https:\/\/mondent.ba\/zakazite-termin\/\" class=\"unser__btn\">Zaka\u017eite termin<\/a>\n          \n        <\/div>\n        <div class=\"tabs__content-column\">\n\n<iframe src=\"https:\/\/www.google.com\/maps\/embed?pb=!1m18!1m12!1m3!1d2831.9041069918476!2d17.191697276237008!3d44.78276027107095!2m3!1f0!2f0!3f0!3m2!1i1024!2i768!4f13.1!3m3!1m2!1s0x475e03975d55a915%3A0xec69135a1bbb110c!2sMonDent%20Banja%20Luka!5e0!3m2!1sen!2sba!4v1708958851844!5m2!1sen!2sba\" width=\"100%\" height=\"100%\"  style=\"border:0;\" allowfullscreen=\"\" loading=\"lazy\" referrerpolicy=\"no-referrer-when-downgrade\"><\/iframe>\n        <\/div>\n      <\/div>\n    <\/div>\n\n  <\/div>\n<\/div><\/div>\n\t\t\t\t<\/div>\n\t\t\t\t<\/div>\n\t\t\t\t\t<\/div>\n\t\t<\/div>\n\t\t\t\t\t<\/div>\n\t\t<\/section>\n\t\t\t\t<\/div>\n\t\t","protected":false},"excerpt":{"rendered":"<p>Na\u0161 tim U na\u0161oj modernoj stomatolo\u0161koj ordinaciji u Banja Luci do\u010deka\u0107e vas prijatno i iskusno osoblje. Upoznajte se sa na\u0161im sjajnim stomatolozima: Mladen Popovi\u0107 DOKTOR STOMATOLOGIJE Pro\u010ditaj vi\u0161e Aleksandar Milinkovi\u0107 DOKTOR STOMATOLOGIJE Aleksandar Milinkovi\u0107, doktor stomatologije ro\u0111en je 27.04.1985. godine u Trebinju. Srednju \u0161kolu zavr\u0161ava u Srednjo\u0161kolskom centru \u201cPero Slijep\u010devi\u0107\u201d u Gacku, nakon \u010dega odlazi [&hellip;]<\/p>\n","protected":false},"author":2,"featured_media":0,"parent":0,"menu_order":0,"comment_status":"closed","ping_status":"closed","template":"elementor_header_footer","meta":{"footnotes":""},"_links":{"self":[{"href":"https:\/\/mondent.ba\/sl\/wp-json\/wp\/v2\/pages\/864"}],"collection":[{"href":"https:\/\/mondent.ba\/sl\/wp-json\/wp\/v2\/pages"}],"about":[{"href":"https:\/\/mondent.ba\/sl\/wp-json\/wp\/v2\/types\/page"}],"author":[{"embeddable":true,"href":"https:\/\/mondent.ba\/sl\/wp-json\/wp\/v2\/users\/2"}],"replies":[{"embeddable":true,"href":"https:\/\/mondent.ba\/sl\/wp-json\/wp\/v2\/comments?post=864"}],"version-history":[{"count":376,"href":"https:\/\/mondent.ba\/sl\/wp-json\/wp\/v2\/pages\/864\/revisions"}],"predecessor-version":[{"id":7596,"href":"https:\/\/mondent.ba\/sl\/wp-json\/wp\/v2\/pages\/864\/revisions\/7596"}],"wp:attachment":[{"href":"https:\/\/mondent.ba\/sl\/wp-json\/wp\/v2\/media?parent=864"}],"curies":[{"name":"wp","href":"https:\/\/api.w.org\/{rel}","templated":true}]}}