{"id":6529,"date":"2025-02-14T15:17:17","date_gmt":"2025-02-14T14:17:17","guid":{"rendered":"https:\/\/mondent.ba\/?page_id=6529"},"modified":"2025-03-17T14:08:52","modified_gmt":"2025-03-17T13:08:52","slug":"hvala-vam-nagradna-igra","status":"publish","type":"page","link":"https:\/\/mondent.ba\/sl\/hvala-vam-nagradna-igra\/","title":{"rendered":"Hvala vam &#8211; nagradna igra"},"content":{"rendered":"<div data-elementor-type=\"wp-page\" data-elementor-id=\"6529\" class=\"elementor elementor-6529\" data-elementor-post-type=\"page\">\n\t\t\t\t<div class=\"elementor-element elementor-element-d6474f9 e-flex e-con-boxed e-con e-parent\" data-id=\"d6474f9\" data-element_type=\"container\" data-settings=\"{&quot;jet_parallax_layout_list&quot;:[],&quot;background_background&quot;:&quot;classic&quot;}\">\n\t\t\t\t\t<div class=\"e-con-inner\">\n\t\t<div class=\"elementor-element elementor-element-53db9ef e-con-full e-flex e-con e-child\" data-id=\"53db9ef\" data-element_type=\"container\" data-settings=\"{&quot;jet_parallax_layout_list&quot;:[],&quot;background_background&quot;:&quot;classic&quot;}\">\n\t\t\t\t<div class=\"elementor-element elementor-element-14ac372 elementor-widget elementor-widget-heading\" data-id=\"14ac372\" data-element_type=\"widget\" data-widget_type=\"heading.default\">\n\t\t\t\t<div class=\"elementor-widget-container\">\n\t\t\t<h1 class=\"elementor-heading-title elementor-size-default\">Hvala Vam na u\u010destvovanju! <\/h1>\t\t<\/div>\n\t\t\t\t<\/div>\n\t\t\t\t<div class=\"elementor-element elementor-element-e19b565 elementor-widget elementor-widget-heading\" data-id=\"e19b565\" data-element_type=\"widget\" data-widget_type=\"heading.default\">\n\t\t\t\t<div class=\"elementor-widget-container\">\n\t\t\t<h3 class=\"elementor-heading-title elementor-size-default\">Formular je uspje\u0161no poslat. Stomatolo\u0161ka ordinacija MonDent procesuira\u0107e Va\u0161e podatke i kontaktirati Vas ukoliko u\u0111ete u u\u017ei izbor makeover-a (poklon protetskog rada).<\/h3>\t\t<\/div>\n\t\t\t\t<\/div>\n\t\t\t\t<\/div>\n\t\t\t\t\t<\/div>\n\t\t\t\t<\/div>\n\t\t\t\t<\/div>","protected":false},"excerpt":{"rendered":"<p>Hvala Vam na u\u010destvovanju! Formular je uspje\u0161no poslat. Stomatolo\u0161ka ordinacija MonDent procesuira\u0107e Va\u0161e podatke i kontaktirati Vas ukoliko u\u0111ete u u\u017ei izbor makeover-a (poklon protetskog rada).<\/p>","protected":false},"author":2,"featured_media":0,"parent":0,"menu_order":0,"comment_status":"closed","ping_status":"closed","template":"elementor_header_footer","meta":{"footnotes":""},"_links":{"self":[{"href":"https:\/\/mondent.ba\/sl\/wp-json\/wp\/v2\/pages\/6529"}],"collection":[{"href":"https:\/\/mondent.ba\/sl\/wp-json\/wp\/v2\/pages"}],"about":[{"href":"https:\/\/mondent.ba\/sl\/wp-json\/wp\/v2\/types\/page"}],"author":[{"embeddable":true,"href":"https:\/\/mondent.ba\/sl\/wp-json\/wp\/v2\/users\/2"}],"replies":[{"embeddable":true,"href":"https:\/\/mondent.ba\/sl\/wp-json\/wp\/v2\/comments?post=6529"}],"version-history":[{"count":7,"href":"https:\/\/mondent.ba\/sl\/wp-json\/wp\/v2\/pages\/6529\/revisions"}],"predecessor-version":[{"id":6568,"href":"https:\/\/mondent.ba\/sl\/wp-json\/wp\/v2\/pages\/6529\/revisions\/6568"}],"wp:attachment":[{"href":"https:\/\/mondent.ba\/sl\/wp-json\/wp\/v2\/media?parent=6529"}],"curies":[{"name":"wp","href":"https:\/\/api.w.org\/{rel}","templated":true}]}}