{"id":5432,"date":"2024-02-26T15:42:24","date_gmt":"2024-02-26T14:42:24","guid":{"rendered":"https:\/\/mondent.ba\/?page_id=5432"},"modified":"2025-03-26T13:28:05","modified_gmt":"2025-03-26T12:28:05","slug":"hvala-na-zakazanom-terminu","status":"publish","type":"page","link":"https:\/\/mondent.ba\/it\/hvala-na-zakazanom-terminu\/","title":{"rendered":"Hvala na zakazanom terminu"},"content":{"rendered":"<div data-elementor-type=\"wp-page\" data-elementor-id=\"5432\" class=\"elementor elementor-5432\" data-elementor-post-type=\"page\">\n\t\t\t\t<div class=\"elementor-element elementor-element-325897f e-con-full e-flex e-con e-parent\" data-id=\"325897f\" data-element_type=\"container\" data-settings=\"{&quot;jet_parallax_layout_list&quot;:[],&quot;background_background&quot;:&quot;classic&quot;}\">\n\t\t<div class=\"elementor-element elementor-element-dfb529e e-flex e-con-boxed e-con e-child\" data-id=\"dfb529e\" data-element_type=\"container\" data-settings=\"{&quot;jet_parallax_layout_list&quot;:[]}\">\n\t\t\t\t\t<div class=\"e-con-inner\">\n\t\t\t\t<div class=\"elementor-element elementor-element-150295f elementor-widget elementor-widget-heading\" data-id=\"150295f\" data-element_type=\"widget\" data-widget_type=\"heading.default\">\n\t\t\t\t<div class=\"elementor-widget-container\">\n\t\t\t<h2 class=\"elementor-heading-title elementor-size-default\">Hvala! Formular je uspje\u0161no poslat. Kontaktira\u0107emo vas u najkra\u0107em mogu\u0107em roku.\"<\/h2>\t\t<\/div>\n\t\t\t\t<\/div>\n\t\t\t\t\t<\/div>\n\t\t\t\t<\/div>\n\t\t\t\t<\/div>\n\t\t\t\t<\/div>","protected":false},"excerpt":{"rendered":"<p>Hvala! Formular je uspje\u0161no poslat. Kontaktira\u0107emo vas u najkra\u0107em mogu\u0107em roku.&#8220;<\/p>","protected":false},"author":2,"featured_media":0,"parent":0,"menu_order":0,"comment_status":"closed","ping_status":"closed","template":"elementor_header_footer","meta":{"footnotes":""},"_links":{"self":[{"href":"https:\/\/mondent.ba\/it\/wp-json\/wp\/v2\/pages\/5432"}],"collection":[{"href":"https:\/\/mondent.ba\/it\/wp-json\/wp\/v2\/pages"}],"about":[{"href":"https:\/\/mondent.ba\/it\/wp-json\/wp\/v2\/types\/page"}],"author":[{"embeddable":true,"href":"https:\/\/mondent.ba\/it\/wp-json\/wp\/v2\/users\/2"}],"replies":[{"embeddable":true,"href":"https:\/\/mondent.ba\/it\/wp-json\/wp\/v2\/comments?post=5432"}],"version-history":[{"count":5,"href":"https:\/\/mondent.ba\/it\/wp-json\/wp\/v2\/pages\/5432\/revisions"}],"predecessor-version":[{"id":5566,"href":"https:\/\/mondent.ba\/it\/wp-json\/wp\/v2\/pages\/5432\/revisions\/5566"}],"wp:attachment":[{"href":"https:\/\/mondent.ba\/it\/wp-json\/wp\/v2\/media?parent=5432"}],"curies":[{"name":"wp","href":"https:\/\/api.w.org\/{rel}","templated":true}]}}