{"id":725,"date":"2023-08-30T15:56:38","date_gmt":"2023-08-30T13:56:38","guid":{"rendered":"https:\/\/mondent.ba\/?page_id=725"},"modified":"2025-11-17T10:14:11","modified_gmt":"2025-11-17T09:14:11","slug":"kontakt","status":"publish","type":"page","link":"https:\/\/mondent.ba\/de\/kontakt\/","title":{"rendered":"Kontakt"},"content":{"rendered":"<div data-elementor-type=\"wp-page\" data-elementor-id=\"725\" class=\"elementor elementor-725\" data-elementor-post-type=\"page\">\n\t\t\t\t\t\t<section class=\"elementor-section elementor-top-section elementor-element elementor-element-e5067c1 elementor-section-boxed elementor-section-height-default elementor-section-height-default\" data-id=\"e5067c1\" data-element_type=\"section\" id=\"#kontakt-forma\" data-settings=\"{&quot;jet_parallax_layout_list&quot;:[],&quot;background_background&quot;:&quot;classic&quot;}\">\n\t\t\t\t\t\t<div class=\"elementor-container elementor-column-gap-no\">\n\t\t\t\t\t<div class=\"elementor-column elementor-col-50 elementor-top-column elementor-element elementor-element-da67cf6\" data-id=\"da67cf6\" data-element_type=\"column\">\n\t\t\t<div class=\"elementor-widget-wrap elementor-element-populated\">\n\t\t\t\t\t\t<div class=\"elementor-element elementor-element-f44899b elementor-widget__width-auto elementor-view-default elementor-widget elementor-widget-icon\" data-id=\"f44899b\" data-element_type=\"widget\" data-widget_type=\"icon.default\">\n\t\t\t\t<div class=\"elementor-widget-container\">\n\t\t\t\t\t<div class=\"elementor-icon-wrapper\">\n\t\t\t<div class=\"elementor-icon\">\n\t\t\t<i aria-hidden=\"true\" class=\"fas fa-circle\"><\/i>\t\t\t<\/div>\n\t\t<\/div>\n\t\t\t\t<\/div>\n\t\t\t\t<\/div>\n\t\t\t\t<div class=\"elementor-element elementor-element-a00b211 elementor-widget__width-auto elementor-widget-divider--view-line elementor-widget elementor-widget-divider\" data-id=\"a00b211\" data-element_type=\"widget\" data-widget_type=\"divider.default\">\n\t\t\t\t<div class=\"elementor-widget-container\">\n\t\t\t\t\t<div class=\"elementor-divider\">\n\t\t\t<span class=\"elementor-divider-separator\">\n\t\t\t\t\t\t<\/span>\n\t\t<\/div>\n\t\t\t\t<\/div>\n\t\t\t\t<\/div>\n\t\t\t\t<div class=\"elementor-element elementor-element-0ac206b elementor-widget__width-auto elementor-widget elementor-widget-heading\" data-id=\"0ac206b\" data-element_type=\"widget\" data-widget_type=\"heading.default\">\n\t\t\t\t<div class=\"elementor-widget-container\">\n\t\t\t<h2 class=\"elementor-heading-title elementor-size-default\">Besuchen Sie die Zahnklinik Modent<\/h2>\t\t<\/div>\n\t\t\t\t<\/div>\n\t\t\t\t<div class=\"elementor-element elementor-element-2fe135e elementor-widget elementor-widget-heading\" data-id=\"2fe135e\" data-element_type=\"widget\" data-widget_type=\"heading.default\">\n\t\t\t\t<div class=\"elementor-widget-container\">\n\t\t\t<h1 class=\"elementor-heading-title elementor-size-default\">Kontakt<\/h1>\t\t<\/div>\n\t\t\t\t<\/div>\n\t\t\t\t<div class=\"elementor-element elementor-element-8de9859 elementor-widget elementor-widget-heading\" data-id=\"8de9859\" data-element_type=\"widget\" data-widget_type=\"heading.default\">\n\t\t\t\t<div class=\"elementor-widget-container\">\n\t\t\t<h3 class=\"elementor-heading-title elementor-size-default\">Ben\u00f6tigen Sie weitere Informationen?<\/h3>\t\t<\/div>\n\t\t\t\t<\/div>\n\t\t\t\t<div class=\"elementor-element elementor-element-878efd8 elementor-widget__width-initial elementor-widget elementor-widget-text-editor\" data-id=\"878efd8\" data-element_type=\"widget\" data-widget_type=\"text-editor.default\">\n\t\t\t\t<div class=\"elementor-widget-container\">\n\t\t\t\t\t\t\tF\u00fcr Fragen stehen wir Ihnen jederzeit gerne zur Verf\u00fcgung. F\u00fcllen Sie einfach das Formular aus und wir melden uns schnellstm\u00f6glich bei Ihnen! \t\t\t\t\t\t<\/div>\n\t\t\t\t<\/div>\n\t\t\t\t\t<\/div>\n\t\t<\/div>\n\t\t\t\t<div class=\"elementor-column elementor-col-50 elementor-top-column elementor-element elementor-element-8d954fb\" data-id=\"8d954fb\" data-element_type=\"column\">\n\t\t\t<div class=\"elementor-widget-wrap elementor-element-populated\">\n\t\t\t\t\t\t<div class=\"elementor-element elementor-element-25bb87c elementor-widget elementor-widget-html\" data-id=\"25bb87c\" data-element_type=\"widget\" data-no-translation=\"\" data-widget_type=\"html.default\">\n\t\t\t\t<div class=\"elementor-widget-container\">\n\t\t\t<style>.elementor-element-25bb87c{display:none !important}<\/style>\t\t<\/div>\n\t\t\t\t<\/div>\n\t\t\t\t<div class=\"elementor-element elementor-element-4d4d477 elementor-widget elementor-widget-html\" data-id=\"4d4d477\" data-element_type=\"widget\" data-no-translation=\"\" data-widget_type=\"html.default\">\n\t\t\t\t<div class=\"elementor-widget-container\">\n\t\t\t<script type=\"text\/javascript\" src=\"https:\/\/form.jotform.com\/jsform\/250843882864368\"><\/script>\t\t<\/div>\n\t\t\t\t<\/div>\n\t\t\t\t\t<\/div>\n\t\t<\/div>\n\t\t\t\t\t<\/div>\n\t\t<\/section>\n\t\t\t\t<section class=\"elementor-section elementor-top-section elementor-element elementor-element-b99250a elementor-section-boxed elementor-section-height-default elementor-section-height-default\" data-id=\"b99250a\" data-element_type=\"section\" data-settings=\"{&quot;jet_parallax_layout_list&quot;:[],&quot;background_background&quot;:&quot;classic&quot;}\">\n\t\t\t\t\t\t<div class=\"elementor-container elementor-column-gap-default\">\n\t\t\t\t\t<div class=\"elementor-column elementor-col-100 elementor-top-column elementor-element elementor-element-ed41784\" data-id=\"ed41784\" data-element_type=\"column\">\n\t\t\t<div class=\"elementor-widget-wrap elementor-element-populated\">\n\t\t\t\t\t\t<div class=\"elementor-element elementor-element-82fad14 elementor-widget__width-initial elementor-widget-mobile__width-inherit elementor-widget elementor-widget-text-editor\" data-id=\"82fad14\" data-element_type=\"widget\" data-widget_type=\"text-editor.default\">\n\t\t\t\t<div class=\"elementor-widget-container\">\n\t\t\t\t\t\t\t<p><span style=\"font-weight: 400;\">Wir sind da, wenn Sie uns brauchen! Kontaktieren Sie uns und vereinbaren Sie eine zahn\u00e4rztliche Untersuchung!\u00a0<\/span><\/p>\t\t\t\t\t\t<\/div>\n\t\t\t\t<\/div>\n\t\t\t\t<div class=\"elementor-element elementor-element-12ff4ed elementor-widget elementor-widget-image\" data-id=\"12ff4ed\" data-element_type=\"widget\" data-widget_type=\"image.default\">\n\t\t\t\t<div class=\"elementor-widget-container\">\n\t\t\t\t\t\t\t\t\t\t\t\t\t<img fetchpriority=\"high\" decoding=\"async\" width=\"1568\" height=\"952\" src=\"https:\/\/mondent.ba\/wp-content\/uploads\/2025\/01\/stomatoloska-ordinacija-banjaluka-kontakt.jpg\" class=\"attachment-full size-full wp-image-6315\" alt=\"Zahnarztpraxis Mondent, Zahnklinik\" srcset=\"https:\/\/mondent.ba\/wp-content\/uploads\/2025\/01\/stomatoloska-ordinacija-banjaluka-kontakt.jpg 1568w, https:\/\/mondent.ba\/wp-content\/uploads\/2025\/01\/stomatoloska-ordinacija-banjaluka-kontakt-300x182.jpg 300w, https:\/\/mondent.ba\/wp-content\/uploads\/2025\/01\/stomatoloska-ordinacija-banjaluka-kontakt-1024x622.jpg 1024w, https:\/\/mondent.ba\/wp-content\/uploads\/2025\/01\/stomatoloska-ordinacija-banjaluka-kontakt-768x466.jpg 768w, https:\/\/mondent.ba\/wp-content\/uploads\/2025\/01\/stomatoloska-ordinacija-banjaluka-kontakt-1536x933.jpg 1536w\" sizes=\"(max-width: 1568px) 100vw, 1568px\" \/>\t\t\t\t\t\t\t\t\t\t\t\t\t<\/div>\n\t\t\t\t<\/div>\n\t\t\t\t\t<\/div>\n\t\t<\/div>\n\t\t\t\t\t<\/div>\n\t\t<\/section>\n\t\t\t\t<section class=\"elementor-section elementor-top-section elementor-element elementor-element-c68bca2 elementor-section-boxed elementor-section-height-default elementor-section-height-default\" data-id=\"c68bca2\" data-element_type=\"section\" data-settings=\"{&quot;jet_parallax_layout_list&quot;:[]}\">\n\t\t\t\t\t\t<div class=\"elementor-container elementor-column-gap-default\">\n\t\t\t\t\t<div class=\"elementor-column elementor-col-100 elementor-top-column elementor-element elementor-element-147a97a\" data-id=\"147a97a\" data-element_type=\"column\">\n\t\t\t<div class=\"elementor-widget-wrap elementor-element-populated\">\n\t\t\t\t\t\t<section class=\"elementor-section elementor-inner-section elementor-element elementor-element-973d1d9 elementor-section-boxed elementor-section-height-default elementor-section-height-default\" data-id=\"973d1d9\" data-element_type=\"section\" data-settings=\"{&quot;jet_parallax_layout_list&quot;:[]}\">\n\t\t\t\t\t\t<div class=\"elementor-container elementor-column-gap-default\">\n\t\t\t\t\t<div class=\"elementor-column elementor-col-50 elementor-inner-column elementor-element elementor-element-157923d\" data-id=\"157923d\" data-element_type=\"column\">\n\t\t\t<div class=\"elementor-widget-wrap elementor-element-populated\">\n\t\t\t\t\t\t<div class=\"elementor-element elementor-element-dedabdf elementor-widget__width-auto elementor-view-default elementor-widget elementor-widget-icon\" data-id=\"dedabdf\" data-element_type=\"widget\" data-widget_type=\"icon.default\">\n\t\t\t\t<div class=\"elementor-widget-container\">\n\t\t\t\t\t<div class=\"elementor-icon-wrapper\">\n\t\t\t<div class=\"elementor-icon\">\n\t\t\t<i aria-hidden=\"true\" class=\"fas fa-circle\"><\/i>\t\t\t<\/div>\n\t\t<\/div>\n\t\t\t\t<\/div>\n\t\t\t\t<\/div>\n\t\t\t\t<div class=\"elementor-element elementor-element-f7b761a elementor-widget__width-auto elementor-widget-divider--view-line elementor-widget elementor-widget-divider\" data-id=\"f7b761a\" data-element_type=\"widget\" data-widget_type=\"divider.default\">\n\t\t\t\t<div class=\"elementor-widget-container\">\n\t\t\t\t\t<div class=\"elementor-divider\">\n\t\t\t<span class=\"elementor-divider-separator\">\n\t\t\t\t\t\t<\/span>\n\t\t<\/div>\n\t\t\t\t<\/div>\n\t\t\t\t<\/div>\n\t\t\t\t<div class=\"elementor-element elementor-element-18f1de2 elementor-widget__width-auto elementor-widget elementor-widget-heading\" data-id=\"18f1de2\" data-element_type=\"widget\" data-widget_type=\"heading.default\">\n\t\t\t\t<div class=\"elementor-widget-container\">\n\t\t\t<h2 class=\"elementor-heading-title elementor-size-default\">Kontakt<\/h2>\t\t<\/div>\n\t\t\t\t<\/div>\n\t\t\t\t\t<\/div>\n\t\t<\/div>\n\t\t\t\t<div class=\"elementor-column elementor-col-50 elementor-inner-column elementor-element elementor-element-c3cf392 ordercontact\" data-id=\"c3cf392\" data-element_type=\"column\">\n\t\t\t<div class=\"elementor-widget-wrap elementor-element-populated\">\n\t\t\t\t\t\t<div class=\"elementor-element elementor-element-771e9d0 elementor-widget elementor-widget-heading\" data-id=\"771e9d0\" data-element_type=\"widget\" data-widget_type=\"heading.default\">\n\t\t\t\t<div class=\"elementor-widget-container\">\n\t\t\t<h2 class=\"elementor-heading-title elementor-size-default\">Termin buchen<\/h2>\t\t<\/div>\n\t\t\t\t<\/div>\n\t\t\t\t\t<\/div>\n\t\t<\/div>\n\t\t\t\t\t<\/div>\n\t\t<\/section>\n\t\t\t\t<div class=\"elementor-element elementor-element-7bf8ca8 elementor-widget elementor-widget-shortcode\" data-id=\"7bf8ca8\" data-element_type=\"widget\" data-widget_type=\"shortcode.default\">\n\t\t\t\t<div class=\"elementor-widget-container\">\n\t\t\t\t\t<div class=\"elementor-shortcode\"><div class=\"tabs termin\" id=\"tabs-2\">\n\n\n  <div class=\"tabs__content\">\n\n\n    <div class=\"tabs__pane tabs__pane_show\">\n      <div class=\"tabs__content-columns\">\n        <div class=\"tabs__content-column\">\n          <span class=\"tabs__content-subtite\">Adresse:<\/span>\n          <h5 class=\"tabs__content-tite\">Milana Radmana 47, 78000 Banja Luka<br> Bosnien und Herzegowina<\/h5>\n\n          <div class=\"columns-2\">\n            <div class=\"columns-2__column\">\n              <p><strong>Telefon:<\/strong><\/p>\n              <p><a href=\"tel:+387 51 240 677\">+ 387 51 240 677<\/a><\/p>\n\t\t\t  <p><strong>Mobile:<\/strong><\/p>\n              <p><a href=\"tel:+387 66 153 582\">+ 387 66 153 582<\/a><\/p>\n\t\t\t   <a href=\"viber:\/\/contact?number=%2B38766153582\"><i aria-hidden=\"true\" class=\"fab fa-viber custom-viber-icon\"><\/i><\/a>\n\t\t\t  <a href=\"https:\/\/wa.me\/38766153582\" target=\"_blank\" rel=\"noopener\"><i aria-hidden=\"true\" class=\"fab fa-whatsapp custom-wa-icon\"><\/i><\/a>\n              <p><strong>E-Mail:<\/strong><\/p>\n              <p><a href=\"mailto:info@mondent.ba\">info@mondent.ba<\/a><\/p>\n            <\/div>\n            <div class=\"columns-2__column\">\n              <p><strong>Arbeitszeit:<\/strong><\/p>\n              <ul>\n\t\t\t\t <li>Mon.-Dien. 9:00 - 18:00<\/li>\n\t\t\t\t<li>Mittwoch 8:00 - 16:00<\/li>\n\t\t\t\t<li>Donnerstag 8:00 - 17:00<\/li>\n\t\t\t\t<li>Freitag 8:00 - 13:00<\/li>\n\n              <\/ul>\n            <\/div>\n          <\/div>\n\n          <a href=\"https:\/\/mondent.ba\/de\/termin-vereinbaren\/\" class=\"unser__btn\">Termin buchen<\/a>\n          \n        <\/div>\n        <div class=\"tabs__content-column\">\n\n<iframe src=\"https:\/\/www.google.com\/maps\/embed?pb=!1m18!1m12!1m3!1d2831.9041069918476!2d17.191697276237008!3d44.78276027107095!2m3!1f0!2f0!3f0!3m2!1i1024!2i768!4f13.1!3m3!1m2!1s0x475e03975d55a915%3A0xec69135a1bbb110c!2sMonDent%20Banja%20Luka!5e0!3m2!1sen!2sba!4v1708958851844!5m2!1sen!2sba\" width=\"100%\" height=\"100%\"  style=\"border:0;\" allowfullscreen=\"\" loading=\"lazy\" referrerpolicy=\"no-referrer-when-downgrade\"><\/iframe>\n        <\/div>\n      <\/div>\n    <\/div>\n\n  <\/div>\n<\/div><\/div>\n\t\t\t\t<\/div>\n\t\t\t\t<\/div>\n\t\t\t\t\t<\/div>\n\t\t<\/div>\n\t\t\t\t\t<\/div>\n\t\t<\/section>\n\t\t\t\t<\/div>","protected":false},"excerpt":{"rendered":"<p>Posjetite stomatolo\u0161ku kliniku mondent Kontakt Da li vam treba vi\u0161e informacija? Uvijek smo tu da odgovorimo na va\u0161a pitanja. Jednostavno popunite formular i mi c\u0301emo vam se javiti u najkrac\u0301em moguc\u0301em roku! Tu smo kada vam trebamo! Kontaktirajte nas i zaka\u017eite stomatolo\u0161ki pregled!\u00a0 Kontakt Zaka\u017eite termin<\/p>","protected":false},"author":2,"featured_media":0,"parent":0,"menu_order":0,"comment_status":"closed","ping_status":"closed","template":"elementor_header_footer","meta":{"footnotes":""},"_links":{"self":[{"href":"https:\/\/mondent.ba\/de\/wp-json\/wp\/v2\/pages\/725"}],"collection":[{"href":"https:\/\/mondent.ba\/de\/wp-json\/wp\/v2\/pages"}],"about":[{"href":"https:\/\/mondent.ba\/de\/wp-json\/wp\/v2\/types\/page"}],"author":[{"embeddable":true,"href":"https:\/\/mondent.ba\/de\/wp-json\/wp\/v2\/users\/2"}],"replies":[{"embeddable":true,"href":"https:\/\/mondent.ba\/de\/wp-json\/wp\/v2\/comments?post=725"}],"version-history":[{"count":132,"href":"https:\/\/mondent.ba\/de\/wp-json\/wp\/v2\/pages\/725\/revisions"}],"predecessor-version":[{"id":7639,"href":"https:\/\/mondent.ba\/de\/wp-json\/wp\/v2\/pages\/725\/revisions\/7639"}],"wp:attachment":[{"href":"https:\/\/mondent.ba\/de\/wp-json\/wp\/v2\/media?parent=725"}],"curies":[{"name":"wp","href":"https:\/\/api.w.org\/{rel}","templated":true}]}}