{"id":6205,"date":"2024-10-22T15:04:36","date_gmt":"2024-10-22T13:04:36","guid":{"rendered":"https:\/\/mondent.ba\/?page_id=6205"},"modified":"2024-10-22T15:05:11","modified_gmt":"2024-10-22T13:05:11","slug":"zahtjev-kredit-hvala-vam","status":"publish","type":"page","link":"https:\/\/mondent.ba\/de\/zahtjev-kredit-hvala-vam\/","title":{"rendered":"Zahtjev kredit hvala vam"},"content":{"rendered":"<div data-elementor-type=\"wp-page\" data-elementor-id=\"6205\" class=\"elementor elementor-6205\" data-elementor-post-type=\"page\">\n\t\t\t\t<div class=\"elementor-element elementor-element-bbad6a9 e-flex e-con-boxed e-con e-parent\" data-id=\"bbad6a9\" data-element_type=\"container\" data-settings=\"{&quot;jet_parallax_layout_list&quot;:[],&quot;background_background&quot;:&quot;classic&quot;}\">\n\t\t\t\t\t<div class=\"e-con-inner\">\n\t\t<div class=\"elementor-element elementor-element-7926a3c e-con-full e-flex e-con e-child\" data-id=\"7926a3c\" data-element_type=\"container\" data-settings=\"{&quot;jet_parallax_layout_list&quot;:[]}\">\n\t\t\t\t<div class=\"elementor-element elementor-element-b1e90ee elementor-widget elementor-widget-heading\" data-id=\"b1e90ee\" data-element_type=\"widget\" data-widget_type=\"heading.default\">\n\t\t\t\t<div class=\"elementor-widget-container\">\n\t\t\t<h2 class=\"elementor-heading-title elementor-size-default\">Hvala Vam! Va\u0161 upit je uspje\u0161no poslat. Stomatolo\u0161ka ordinacija MonDent kontaktira\u0107e Vas u najkra\u0107em mogu\u0107em roku.<\/h2>\t\t<\/div>\n\t\t\t\t<\/div>\n\t\t\t\t<\/div>\n\t\t\t\t\t<\/div>\n\t\t\t\t<\/div>\n\t\t\t\t<\/div>","protected":false},"excerpt":{"rendered":"<p>Hvala Vam! Va\u0161 upit je uspje\u0161no poslat. Stomatolo\u0161ka ordinacija MonDent kontaktira\u0107e Vas u najkra\u0107em mogu\u0107em roku.<\/p>","protected":false},"author":2,"featured_media":0,"parent":0,"menu_order":0,"comment_status":"closed","ping_status":"closed","template":"","meta":{"footnotes":""},"_links":{"self":[{"href":"https:\/\/mondent.ba\/de\/wp-json\/wp\/v2\/pages\/6205"}],"collection":[{"href":"https:\/\/mondent.ba\/de\/wp-json\/wp\/v2\/pages"}],"about":[{"href":"https:\/\/mondent.ba\/de\/wp-json\/wp\/v2\/types\/page"}],"author":[{"embeddable":true,"href":"https:\/\/mondent.ba\/de\/wp-json\/wp\/v2\/users\/2"}],"replies":[{"embeddable":true,"href":"https:\/\/mondent.ba\/de\/wp-json\/wp\/v2\/comments?post=6205"}],"version-history":[{"count":4,"href":"https:\/\/mondent.ba\/de\/wp-json\/wp\/v2\/pages\/6205\/revisions"}],"predecessor-version":[{"id":6209,"href":"https:\/\/mondent.ba\/de\/wp-json\/wp\/v2\/pages\/6205\/revisions\/6209"}],"wp:attachment":[{"href":"https:\/\/mondent.ba\/de\/wp-json\/wp\/v2\/media?parent=6205"}],"curies":[{"name":"wp","href":"https:\/\/api.w.org\/{rel}","templated":true}]}}