{"id":4095,"date":"2023-12-06T13:03:53","date_gmt":"2023-12-06T12:03:53","guid":{"rendered":"https:\/\/mondent.ba\/?page_id=4095"},"modified":"2026-03-19T10:36:03","modified_gmt":"2026-03-19T09:36:03","slug":"preisliste","status":"publish","type":"page","link":"https:\/\/mondent.ba\/de\/cjenovnik\/","title":{"rendered":"Preisliste"},"content":{"rendered":"<div data-elementor-type=\"wp-page\" data-elementor-id=\"4095\" class=\"elementor elementor-4095\" data-elementor-post-type=\"page\">\n\t\t\t\t\t\t<section class=\"elementor-section elementor-top-section elementor-element elementor-element-dd56dc1 elementor-section-boxed elementor-section-height-default elementor-section-height-default\" data-id=\"dd56dc1\" data-element_type=\"section\" data-settings=\"{&quot;jet_parallax_layout_list&quot;:[]}\">\n\t\t\t\t\t\t<div class=\"elementor-container elementor-column-gap-default\">\n\t\t\t\t\t<div class=\"elementor-column elementor-col-100 elementor-top-column elementor-element elementor-element-3fbdc05\" data-id=\"3fbdc05\" data-element_type=\"column\">\n\t\t\t<div class=\"elementor-widget-wrap elementor-element-populated\">\n\t\t\t\t\t\t<div class=\"elementor-element elementor-element-2f69f99 elementor-widget elementor-widget-heading\" data-id=\"2f69f99\" data-element_type=\"widget\" data-widget_type=\"heading.default\">\n\t\t\t\t<div class=\"elementor-widget-container\">\n\t\t\t<h1 class=\"elementor-heading-title elementor-size-default\">Stomatolo\u0161ka klinika - MonDent Banja Luka \n<\/h1>\t\t<\/div>\n\t\t\t\t<\/div>\n\t\t\t\t<div class=\"elementor-element elementor-element-5479328 elementor-widget elementor-widget-text-editor\" data-id=\"5479328\" data-element_type=\"widget\" data-widget_type=\"text-editor.default\">\n\t\t\t\t<div class=\"elementor-widget-container\">\n\t\t\t\t\t\t\t<h5><span style=\"font-weight: 400;\">Siehe Preisliste f\u00fcr zahn\u00e4rztliche Leistungen.<\/span><\/h5>\t\t\t\t\t\t<\/div>\n\t\t\t\t<\/div>\n\t\t\t\t\t<\/div>\n\t\t<\/div>\n\t\t\t\t\t<\/div>\n\t\t<\/section>\n\t\t<div class=\"elementor-element elementor-element-e9b8517 e-con-full e-flex e-con e-parent\" data-id=\"e9b8517\" data-element_type=\"container\" data-settings=\"{&quot;jet_parallax_layout_list&quot;:[]}\">\n\t\t<div class=\"elementor-element elementor-element-df57cae e-flex e-con-boxed e-con e-child\" data-id=\"df57cae\" data-element_type=\"container\" data-settings=\"{&quot;jet_parallax_layout_list&quot;:[]}\">\n\t\t\t\t\t<div class=\"e-con-inner\">\n\t\t\t\t<div class=\"elementor-element elementor-element-81eb761 elementor-widget elementor-widget-heading\" data-id=\"81eb761\" data-element_type=\"widget\" data-widget_type=\"heading.default\">\n\t\t\t\t<div class=\"elementor-widget-container\">\n\t\t\t<h2 class=\"elementor-heading-title elementor-size-default\">Preisliste<\/h2>\t\t<\/div>\n\t\t\t\t<\/div>\n\t\t\t\t\t<\/div>\n\t\t\t\t<\/div>\n\t\t\t\t<\/div>\n\t\t<div class=\"elementor-element elementor-element-4948c12 e-flex e-con-boxed e-con e-parent\" data-id=\"4948c12\" data-element_type=\"container\" data-settings=\"{&quot;jet_parallax_layout_list&quot;:[]}\">\n\t\t\t\t\t<div class=\"e-con-inner\">\n\t\t<div class=\"elementor-element elementor-element-b0898cd e-con-full e-flex e-con e-child\" data-id=\"b0898cd\" data-element_type=\"container\" data-settings=\"{&quot;jet_parallax_layout_list&quot;:[]}\">\n\t\t\t\t<div class=\"elementor-element elementor-element-45e5e6e elementor-widget elementor-widget-html\" data-id=\"45e5e6e\" data-element_type=\"widget\" data-widget_type=\"html.default\">\n\t\t\t\t<div class=\"elementor-widget-container\">\n\t\t\t<h3>PREGLED I DIJAGNOSTIKA<\/h3>\n    <table>\n        <thead>\n            <tr>\n                <th>NAZIV USLUGE<\/th>\n                <th style=\"text-align: right;\">Cijena (KM)<\/th>\n            <\/tr>\n        <\/thead>\n        <tbody>\n            <tr><td>Erste Inspektion<\/td><td class=\"price\">30.00<\/td><\/tr>\n            <tr><td>Fach\u00e4rztliche Untersuchung<\/td><td class=\"price\">60.00<\/td><\/tr>\n            <tr><td>Snimak gornje i donje vilice 2D<\/td><td class=\"price\">40.00<\/td><\/tr>\n            <tr><td>Snimak gornje i donje vilice 3D<\/td><td class=\"price\">130.00<\/td><\/tr>\n            <tr><td>Erste Hilfe<\/td><td class=\"price\">40.00<\/td><\/tr>\n            <tr><td>Usluga po ugovoru<\/td><td class=\"price\">50.00<\/td><\/tr>\n        <\/tbody>\n    <\/table>\n    \n    <h3>ORALNA HIRURGIJA I IMPLANTOLOGIJA<\/h3>\n    <table>\n        <thead>\n            <tr>\n                <th>NAZIV USLUGE<\/th>\n                <th style=\"text-align: right;\">Cijena (KM)<\/th>\n            <\/tr>\n        <\/thead>\n        <tbody>\n            <tr><td>Zahnentfernung<\/td><td class=\"price\">40.00<\/td><\/tr>\n            <tr><td>Va\u0111enje mlije\u010dnog zuba<\/td><td class=\"price\">30.00<\/td><\/tr>\n            <tr><td>Komplizierte Zahnentfernung<\/td><td class=\"price\">80.00<\/td><\/tr>\n            <tr><td>Zahnentfernung mit Naht<\/td><td class=\"price\">80.00<\/td><\/tr>\n            <tr><td>Chirurgische Zahnentfernung<\/td><td class=\"price\">120.00<\/td><\/tr>\n            <tr><td>Weisheitszahnentfernung<\/td><td class=\"price\">100.00<\/td><\/tr>\n            <tr><td>Chirurgische Weisheitszahnentfernung<\/td><td class=\"price\">200.00<\/td><\/tr>\n            <tr><td>Einschnitt<\/td><td class=\"price\">70.00<\/td><\/tr>\n            <tr><td>Cistektomija<\/td><td class=\"price\">300.00<\/td><\/tr>\n            <tr><td>Apikotomija<\/td><td class=\"price\">200.00<\/td><\/tr>\n            <tr><td>Frenulektomija<\/td><td class=\"price\">100.00<\/td><\/tr>\n            <tr><td>Gingivektomija - po zubu<\/td><td class=\"price\">50.00<\/td><\/tr>\n            <tr><td>Nivelacija grebena \/ kvadrant<\/td><td class=\"price\">120.00<\/td><\/tr>\n            <tr><td>Vje\u0161ta\u010dka kost \/ kvadrant<\/td><td class=\"price\">500.00<\/td><\/tr>\n            <tr><td>Kolagena membrana \/ kvadrant<\/td><td class=\"price\">200.00<\/td><\/tr>\n            <tr><td>Sinus lift \/ kvadrant<\/td><td class=\"price\">500.00<\/td><\/tr>\n            <tr><td>Sinus lift - lateralni pristup<\/td><td class=\"price\">1200.00<\/td><\/tr>\n            <tr><td>\u0160trauman implantat<\/td><td class=\"price\">1600.00<\/td><\/tr>\n            <tr><td>JD implantat<\/td><td class=\"price\">1200.00<\/td><\/tr>\n            <tr><td>Neodent implantiert<\/td><td class=\"price\">1200.00<\/td><\/tr>\n            <tr><td>PRF<\/td><td class=\"price\">100.00<\/td><\/tr>\n            <tr><td>All on 4 \u0160TRAUMAN (implantati sa protetikom) po vilici<\/td><td class=\"price\">11000.00<\/td><\/tr>\n            <tr><td>All on 6 \u0160TRAUMAN (implantati sa protetikom) po vilici<\/td><td class=\"price\">13000.00<\/td><\/tr>\n            <tr><td>All on 4 JD\/NEODENT (implantati sa protetikom) po vilici<\/td><td class=\"price\">8000.00<\/td><\/tr>\n            <tr><td>All on 6 JD\/NEODENT (implantati sa protetikom) po vilici<\/td><td class=\"price\">9000.00<\/td><\/tr>\n        <\/tbody>\n    <\/table>\n    \n    <h3>ORTOPEDIJA VILICA (ORTODONCIJA)<\/h3>\n    <table>\n        <thead>\n            <tr>\n                <th>NAZIV USLUGE<\/th>\n                <th style=\"text-align: right;\">Cijena (KM)<\/th>\n            <\/tr>\n        <\/thead>\n        <tbody>\n            <tr><td>Obi\u010dni metalni fiksni aparat<\/td><td class=\"price\">1400.00<\/td><\/tr>\n            <tr><td>Samoligiraju\u0107i estetski fiksni aparat<\/td><td class=\"price\">2300.00<\/td><\/tr>\n            <tr><td>Estetski safirni fiksni aparat<\/td><td class=\"price\">2000.00<\/td><\/tr>\n            <tr><td>Samoligiraju\u0107i metalni fiksni aparat<\/td><td class=\"price\">1800.00<\/td><\/tr>\n            <tr><td>Gold(zlatni) fiksni ortodontski aparat<\/td><td class=\"price\">2200.00<\/td><\/tr>\n            <tr><td>Mobilni aparat - po vilici<\/td><td class=\"price\">400.00<\/td><\/tr>\n            <tr><td>Retenciona folija - po vilici<\/td><td class=\"price\">110.00<\/td><\/tr>\n            <tr><td>Folija za ispravljanje zuba\/aligner - po vilici<\/td><td class=\"price\">200.00<\/td><\/tr>\n        <\/tbody>\n    <\/table>\n\n    <h3>ESTETSKA STOMATOLOGIJA I ANTI-AGING<\/h3>\n    <table>\n        <thead>\n            <tr>\n                <th>NAZIV USLUGE<\/th>\n                <th style=\"text-align: right;\">Cijena (KM)<\/th>\n            <\/tr>\n        <\/thead>\n        <tbody>\n            <tr><td>ZOOM bijeljenje zuba - obe vilice<\/td><td class=\"price\">500.00<\/td><\/tr>\n            <tr><td>ZOOM bijeljenje zuba - po vilici<\/td><td class=\"price\">250.00<\/td><\/tr>\n            <tr><td>Postavljanje cirkona na zub<\/td><td class=\"price\">50.00<\/td><\/tr>\n            <tr><td>Uve\u0107anje i korekcija usana - 1 ml<\/td><td class=\"price\">500.00<\/td><\/tr>\n            <tr><td>Fileri - 1 ml<\/td><td class=\"price\">500.00<\/td><\/tr>\n        <\/tbody>\n    <\/table>\n     <h3>DJE\u010cIJA I PREVENTIVNA STOMATOLOGIJA<\/h3>\n    <table>\n        <thead>\n            <tr>\n                <th>NAZIV USLUGE<\/th>\n                <th style=\"text-align: right;\">Cijena (KM)<\/th>\n            <\/tr>\n        <\/thead>\n        <tbody>\n            <tr><td>Uklanjanje mekih i tvrdih zubnih naslaga kod djece<\/td><td class=\"price\">20.00<\/td><\/tr>\n            <tr><td>Fissurenversiegelung<\/td><td class=\"price\">40.00<\/td><\/tr>\n        <\/tbody>\n    <\/table>\t\t<\/div>\n\t\t\t\t<\/div>\n\t\t\t\t<\/div>\n\t\t<div class=\"elementor-element elementor-element-5321c36 e-con-full e-flex e-con e-child\" data-id=\"5321c36\" data-element_type=\"container\" data-settings=\"{&quot;jet_parallax_layout_list&quot;:[]}\">\n\t\t\t\t<div class=\"elementor-element elementor-element-0f7dcd9 elementor-widget elementor-widget-html\" data-id=\"0f7dcd9\" data-element_type=\"widget\" data-widget_type=\"html.default\">\n\t\t\t\t<div class=\"elementor-widget-container\">\n\t\t\t<h3>KONZERVATIVNA STOMATOLOGIJA<\/h3>\n    <table>\n        <thead>\n            <tr>\n                <th>NAZIV USLUGE<\/th>\n                <th style=\"text-align: right;\">Cijena (KM)<\/th>\n            <\/tr>\n        <\/thead>\n        <tbody>\n            <tr><td>Einfl\u00e4chige Dichtung<\/td><td class=\"price\">50.00<\/td><\/tr>\n            <tr><td>Doppelfl\u00e4chendichtung<\/td><td class=\"price\">60.00<\/td><\/tr>\n            <tr><td>Mehrfl\u00e4chenversiegelung<\/td><td class=\"price\">70.00<\/td><\/tr>\n            <tr><td>Direkte Pulpa\u00fcberkappung<\/td><td class=\"price\">30.00<\/td><\/tr>\n            <tr><td>Indirekte Pulpa\u00fcberkappung<\/td><td class=\"price\">30.00<\/td><\/tr>\n            <tr><td>Nadogradnja FRC ko\u010di\u0107em<\/td><td class=\"price\">100.00<\/td><\/tr>\n        <\/tbody>\n    <\/table>\n    \n    <h3>BOLESTI ZUBA I ENDODONCIJA<\/h3>\n    <table>\n        <thead>\n            <tr>\n                <th>NAZIV USLUGE<\/th>\n                <th style=\"text-align: right;\">Cijena (KM)<\/th>\n            <\/tr>\n        <\/thead>\n        <tbody>\n            <tr><td>Vitalna ekstripacija vi\u0161ekanalna<\/td><td class=\"price\">40.00<\/td><\/tr>\n            <tr><td>Lije\u010denje gangrene zuba - po\u010detak terapije<\/td><td class=\"price\">40.00<\/td><\/tr>\n            <tr><td>Lije\u010denje gangrene zuba - kraj terapije<\/td><td class=\"price\">70.00<\/td><\/tr>\n            <tr><td>Aplikacija lijeka<\/td><td class=\"price\">10.00<\/td><\/tr>\n            <tr><td>Aplikacija lijeka po kanalu<\/td><td class=\"price\">10.00<\/td><\/tr>\n            <tr><td>Biolo\u0161ko punjenje zuba - po kanalu<\/td><td class=\"price\">30.00<\/td><\/tr>\n            <tr><td>Revizija punjenja korjena zuba<\/td><td class=\"price\">50.00<\/td><\/tr>\n            <tr><td>Revizija punjenja korjena zuba na molaru<\/td><td class=\"price\">200.00<\/td><\/tr>\n            <tr><td>Zavr\u0161no punjenje korjena zuba - po kanalu<\/td><td class=\"price\">30.00<\/td><\/tr>\n        <\/tbody>\n    <\/table>\n\n   \n\n    <h3>PARODONTOLOGIJA<\/h3>\n    <table>\n        <thead>\n            <tr>\n                <th>NAZIV USLUGE<\/th>\n                <th style=\"text-align: right;\">Cijena (KM)<\/th>\n            <\/tr>\n        <\/thead>\n        <tbody>\n            <tr><td>Uklanjanje kamenca i pjeskarenje zuba<\/td><td class=\"price\">100.00<\/td><\/tr>\n            <tr><td>Air-Flow<\/td><td class=\"price\">80.00<\/td><\/tr>\n            <tr><td>Parodontolo\u0161ka terapija - po vilici<\/td><td class=\"price\">150.00<\/td><\/tr>\n            <tr><td>Kireta\u017ea parodontalnog d\u017eepa<\/td><td class=\"price\">30.00<\/td><\/tr>\n        <\/tbody>\n    <\/table>\n    \n    <h3>STOMATOLO\u0160KA PROTETIKA<\/h3>\n    <table>\n        <thead>\n            <tr>\n                <th>NAZIV USLUGE<\/th>\n                <th style=\"text-align: right;\">Cijena (KM)<\/th>\n            <\/tr>\n        <\/thead>\n        <tbody>\n            <tr><td>Metalokerami\u010dka krunica - po zubu<\/td><td class=\"price\">250.00<\/td><\/tr>\n            <tr><td>Bezmetalna cirkon krunica - po zubu<\/td><td class=\"price\">500.00<\/td><\/tr>\n            <tr><td>Metalokerami\u010dka krunica na implantatu<\/td><td class=\"price\">350.00<\/td><\/tr>\n            <tr><td>Bezmetalna cirkon krunica na implantatu<\/td><td class=\"price\">600.00<\/td><\/tr>\n            <tr><td>Bezmetalna cirkon krunica Disilikat - po zubu<\/td><td class=\"price\">400.00<\/td><\/tr>\n            <tr><td>Bezmetalna cirkon krunica Premium - po zubu<\/td><td class=\"price\">600.00<\/td><\/tr>\n            <tr><td>Ljuspica \/ kerami\u010dki vinir - po zubu<\/td><td class=\"price\">600.00<\/td><\/tr>\n            <tr><td>Privremena krunica - po zubu<\/td><td class=\"price\">40.00<\/td><\/tr>\n            <tr><td>\u00dcberbau<\/td><td class=\"price\">250.00<\/td><\/tr>\n            <tr><td>Skeletna veza \/ ate\u010dmen<\/td><td class=\"price\">150.00<\/td><\/tr>\n            <tr><td>Totalna proteza - po vilici<\/td><td class=\"price\">500.00<\/td><\/tr>\n            <tr><td>Totalna proteza sa mre\u017eicom - po vilici<\/td><td class=\"price\">550.00<\/td><\/tr>\n            <tr><td>Defleks proteza sa akrilatnim zubima - po vilici<\/td><td class=\"price\">800.00<\/td><\/tr>\n            <tr><td>Defleks proteza sa reflajn zubima - po vilici<\/td><td class=\"price\">900.00<\/td><\/tr>\n            <tr><td>Parcijalna akrilatna proteza - po vilici<\/td><td class=\"price\">450.00<\/td><\/tr>\n            <tr><td>Parcijalna skeletirana proteza - po vilici<\/td><td class=\"price\">650.00<\/td><\/tr>\n            <tr><td>Teleskop proteza - po vilici<\/td><td class=\"price\">2500.00<\/td><\/tr>\n            <tr><td>Frosch<\/td><td class=\"price\">100.00<\/td><\/tr>\n            <tr><td>Zahnersatzreparatur<\/td><td class=\"price\">50.00<\/td><\/tr>\n            <tr><td>Prothesenunterf\u00fctterung<\/td><td class=\"price\">100.00<\/td><\/tr>\n            <tr><td>Udlaga za bruksizam<\/td><td class=\"price\">200.00<\/td><\/tr>\n            <tr><td>Gumica<\/td><td class=\"price\">50.00<\/td><\/tr>\n            <tr><td>\u0160araf<\/td><td class=\"price\">50.00<\/td><\/tr>\n            <tr><td>Cementiranje stare krunice - po zubu<\/td><td class=\"price\">10.00<\/td><\/tr>\n            <tr><td>Entfernen der alten Br\u00fccke \u00fcber der Krone<\/td><td class=\"price\">10.00<\/td><\/tr>\n            <tr><td>Privremeni rad na implantatima - po vilici<\/td><td class=\"price\">350.00<\/td><\/tr>\n            <tr><td>All on 4 protetika - po vilici<\/td><td class=\"price\">5000.00<\/td><\/tr>\n            <tr><td>All on 6 protetika - po vilici<\/td><td class=\"price\">6000.00<\/td><\/tr>\n        <\/tbody>\n    <\/table>\t\t<\/div>\n\t\t\t\t<\/div>\n\t\t\t\t<\/div>\n\t\t\t\t\t<\/div>\n\t\t\t\t<\/div>\n\t\t<div class=\"elementor-element elementor-element-b92d7d3 e-flex e-con-boxed e-con e-parent\" data-id=\"b92d7d3\" data-element_type=\"container\" data-settings=\"{&quot;jet_parallax_layout_list&quot;:[]}\">\n\t\t\t\t\t<div class=\"e-con-inner\">\n\t\t\t\t<div class=\"elementor-element elementor-element-556a041 elementor-widget elementor-widget-html\" data-id=\"556a041\" data-element_type=\"widget\" data-widget_type=\"html.default\">\n\t\t\t\t<div class=\"elementor-widget-container\">\n\t\t\t<div class=\"tabs termin\" id=\"tabs-2\">\n\n  <div class=\"tabs__nav\">\n   \n  <\/div>\n\n  <div class=\"tabs__content\">\n\n\n    <div class=\"tabs__pane tabs__pane_show\">\n      <div class=\"tabs__content-columns\">\n        <div class=\"tabs__content-column\">\n          <span class=\"tabs__content-subtite\">Adresse:<\/span>\n          <h5 class=\"tabs__content-tite\">Milana Radmana 47, 78000 Banja Luka<br> Bosnien und Herzegowina<\/h5>\n\n          <div class=\"columns-2\">\n            <div class=\"columns-2__column\">\n              <p><strong>Telefon:<\/strong><\/p>\n              <p><a href=\"tel:051 240 677\">051 240 677<\/a><\/p>\n              <p><strong>E-Mail:<\/strong><\/p>\n              <p><a href=\"mailto:info@mondent.ba\">info@mondent.ba<\/a><\/p>\n            <\/div>\n            <div class=\"columns-2__column\">\n              <p><strong>Arbeitszeit:<\/strong><\/p>\n              <ul>\n\t\t\t\t <li>Mo-Do 8:00 - 18:00<\/li>\n\t\t\t\t<li>Mittwoch 8:00 - 16:00<\/li>\n\t\t\t\t<li>Donnerstag 8:00 - 17:00<\/li>\n\t\t\t\t<li>Freitag 8:00 - 13:00<\/li>\n\n              <\/ul>\n            <\/div>\n          <\/div>\n\n          <a href=\"https:\/\/mondent.ba\/de\/termin-vereinbaren\/\" class=\"unser__btn\">Termin buchen<\/a>\n          \n        <\/div>\n        <div class=\"tabs__content-column\">\n          <iframe style=\"border: 0; border-radius: 20px;\" src=\"https:\/\/www.google.com\/maps\/embed?pb=!1m18!1m12!1m3!1d2831.884730752742!2d17.191108977401086!3d44.78315527861902!2m3!1f0!2f0!3f0!3m2!1i1024!2i768!4f13.1!3m3!1m2!1s0x475e0300e58265cf%3A0x19a6f308e74f165c!2sMilana%20Radmana%2047%2C%20Banja%20Luka%2078000%2C%20Bosnia%20and%20Herzegovina!5e0!3m2!1sen!2skz!4v1696545668911!5m2!1sen!2skz\" width=\"100%\" height=\"100%\" allowfullscreen=\"\" loading=\"lazy\" referrerpolicy=\"no-referrer-when-downgrade\"><\/iframe>\n        <\/div>\n      <\/div>\n    <\/div>\n\n  <\/div>\n\n<\/div>\t\t<\/div>\n\t\t\t\t<\/div>\n\t\t\t\t\t<\/div>\n\t\t\t\t<\/div>\n\t\t\t\t<\/div>","protected":false},"excerpt":{"rendered":"<p>Stomatolo\u0161ka klinika &#8211; MonDent Banja Luka Pogledajte cjenovnik stomatolo\u0161kih usluga. Cjenovnik PREGLED I DIJAGNOSTIKA NAZIV USLUGE Cijena (KM) Prvi pregled 30.00 Specijalisti\u010dki pregled 60.00 Snimak gornje i donje vilice 2D 40.00 Snimak gornje i donje vilice 3D 130.00 Prva pomo\u0107 40.00 Usluga po ugovoru 50.00 ORALNA HIRURGIJA I IMPLANTOLOGIJA NAZIV USLUGE Cijena (KM) Va\u0111enje zuba [&hellip;]<\/p>\n","protected":false},"author":2,"featured_media":0,"parent":0,"menu_order":0,"comment_status":"closed","ping_status":"closed","template":"elementor_header_footer","meta":{"footnotes":""},"_links":{"self":[{"href":"https:\/\/mondent.ba\/de\/wp-json\/wp\/v2\/pages\/4095"}],"collection":[{"href":"https:\/\/mondent.ba\/de\/wp-json\/wp\/v2\/pages"}],"about":[{"href":"https:\/\/mondent.ba\/de\/wp-json\/wp\/v2\/types\/page"}],"author":[{"embeddable":true,"href":"https:\/\/mondent.ba\/de\/wp-json\/wp\/v2\/users\/2"}],"replies":[{"embeddable":true,"href":"https:\/\/mondent.ba\/de\/wp-json\/wp\/v2\/comments?post=4095"}],"version-history":[{"count":160,"href":"https:\/\/mondent.ba\/de\/wp-json\/wp\/v2\/pages\/4095\/revisions"}],"predecessor-version":[{"id":7784,"href":"https:\/\/mondent.ba\/de\/wp-json\/wp\/v2\/pages\/4095\/revisions\/7784"}],"wp:attachment":[{"href":"https:\/\/mondent.ba\/de\/wp-json\/wp\/v2\/media?parent=4095"}],"curies":[{"name":"wp","href":"https:\/\/api.w.org\/{rel}","templated":true}]}}